{"id":1533,"date":"2021-11-04T21:45:06","date_gmt":"2021-11-04T20:45:06","guid":{"rendered":"https:\/\/porttimet.pl\/kontakt\/"},"modified":"2025-09-21T20:22:33","modified_gmt":"2025-09-21T18:22:33","slug":"kontakt","status":"publish","type":"page","link":"https:\/\/porttimet.pl\/pl\/kontakt\/","title":{"rendered":"Kontakt"},"content":{"rendered":"<div data-elementor-type=\"wp-page\" data-elementor-id=\"1533\" class=\"elementor elementor-1533\" data-elementor-post-type=\"page\">\n\t\t\t\t\t\t<section class=\"elementor-section elementor-top-section elementor-element elementor-element-271727db elementor-section-boxed elementor-section-height-default elementor-section-height-default\" data-id=\"271727db\" data-element_type=\"section\" data-e-type=\"section\" data-settings=\"{&quot;background_background&quot;:&quot;classic&quot;}\">\n\t\t\t\t\t\t<div class=\"elementor-container elementor-column-gap-no\">\n\t\t\t\t\t<div class=\"elementor-column elementor-col-50 elementor-top-column elementor-element elementor-element-31dace6\" data-id=\"31dace6\" data-element_type=\"column\" data-e-type=\"column\" data-settings=\"{&quot;background_background&quot;:&quot;classic&quot;}\">\n\t\t\t<div class=\"elementor-widget-wrap elementor-element-populated\">\n\t\t\t\t\t\t<div class=\"elementor-element elementor-element-2158a280 elementor-widget elementor-widget-heading\" data-id=\"2158a280\" data-element_type=\"widget\" data-e-type=\"widget\" data-widget_type=\"heading.default\">\n\t\t\t\t<div class=\"elementor-widget-container\">\n\t\t\t\t\t<h3 class=\"elementor-heading-title elementor-size-default\">Wy\u015blij wiadomo\u015b\u0107<\/h3>\t\t\t\t<\/div>\n\t\t\t\t<\/div>\n\t\t\t\t<div class=\"elementor-element elementor-element-bbcff3e elementor-widget elementor-widget-bdt-wp-forms\" data-id=\"bbcff3e\" data-element_type=\"widget\" data-e-type=\"widget\" data-widget_type=\"bdt-wp-forms.default\">\n\t\t\t\t<div class=\"elementor-widget-container\">\n\t\t\t\t\t<div class=\"wpforms-container wpforms-container-full\" id=\"wpforms-1681\"><form id=\"wpforms-form-1681\" class=\"wpforms-validate wpforms-form wpforms-ajax-form\" data-formid=\"1681\" method=\"post\" enctype=\"multipart\/form-data\" action=\"\/pl\/wp-json\/wp\/v2\/pages\/1533\" data-token=\"936e32a316c07d142056a373e5ba3cac\" data-trp-original-action=\"\/pl\/wp-json\/wp\/v2\/pages\/1533\"><noscript class=\"wpforms-error-noscript\">Aby wype\u0142ni\u0107 ten formularz, w\u0142\u0105cz obs\u0142ug\u0119 JavaScript w przegl\u0105darce.<\/noscript><div class=\"wpforms-field-container\"><div id=\"wpforms-1681-field_0-container\" class=\"wpforms-field wpforms-field-name\" data-field-id=\"0\"><label class=\"wpforms-field-label\" for=\"wpforms-1681-field_0\">Imi\u0119 i Nazwisko <span class=\"wpforms-required-label\">*<\/span><\/label><input type=\"text\" id=\"wpforms-1681-field_0\" class=\"wpforms-field-large wpforms-field-required\" name=\"wpforms[fields][0]\" required><\/div><div id=\"wpforms-1681-field_1-container\" class=\"wpforms-field wpforms-field-email\" data-field-id=\"1\"><label class=\"wpforms-field-label\" for=\"wpforms-1681-field_1\">Email <span class=\"wpforms-required-label\">*<\/span><\/label><input type=\"email\" id=\"wpforms-1681-field_1\" class=\"wpforms-field-large wpforms-field-required\" name=\"wpforms[fields][1]\" spellcheck=\"false\" required><\/div><div id=\"wpforms-1681-field_4-container\" class=\"wpforms-field wpforms-field-phone\" data-field-id=\"4\"><label class=\"wpforms-field-label\" for=\"wpforms-1681-field_4\">Numer telefonu<\/label><input type=\"tel\" id=\"wpforms-1681-field_4\" class=\"wpforms-field-large wpforms-smart-phone-field\" data-rule-smart-phone-field=\"true\" name=\"wpforms[fields][4]\" ><\/div><div id=\"wpforms-1681-field_3-container\" class=\"wpforms-field wpforms-field-textarea\" data-field-id=\"3\"><label class=\"wpforms-field-label\" for=\"wpforms-1681-field_3\">Wiadomo\u015b\u0107<\/label><textarea id=\"wpforms-1681-field_3\" class=\"wpforms-field-medium\" name=\"wpforms[fields][3]\" ><\/textarea><\/div><\/div><!-- .wpforms-field-container --><div class=\"wpforms-recaptcha-container wpforms-is-recaptcha\" ><div class=\"g-recaptcha\" data-sitekey=\"6Le2iXcgAAAAALQuyWTCKbBRqQXr-96lh_7S3BK2\"><\/div><input type=\"text\" name=\"g-recaptcha-hidden\" class=\"wpforms-recaptcha-hidden\" style=\"position:absolute!important;clip:rect(0,0,0,0)!important;height:1px!important;width:1px!important;border:0!important;overflow:hidden!important;padding:0!important;margin:0!important;\" data-rule-recaptcha=\"1\"><\/div><div class=\"wpforms-submit-container\" ><input type=\"hidden\" name=\"wpforms[id]\" value=\"1681\"><input type=\"hidden\" name=\"wpforms[author]\" value=\"1\"><button type=\"submit\" name=\"wpforms[submit]\" id=\"wpforms-submit-1681\" class=\"wpforms-submit\" aria-live=\"assertive\" value=\"wpforms-submit\">Wy\u015blij wiadomo\u015b\u0107<\/button><img decoding=\"async\" src=\"https:\/\/porttimet.pl\/wp-content\/plugins\/wpforms\/assets\/images\/submit-spin.svg\" class=\"wpforms-submit-spinner\" style=\"display: none;\" width=\"26\" height=\"26\" alt=\"Wczytywanie\"><\/div><input type=\"hidden\" name=\"trp-form-language\" value=\"pl\"\/><\/form><\/div>  <!-- .wpforms-container -->\t\t\t\t<\/div>\n\t\t\t\t<\/div>\n\t\t\t\t\t<\/div>\n\t\t<\/div>\n\t\t\t\t<div class=\"elementor-column elementor-col-50 elementor-top-column elementor-element elementor-element-576ba10c\" data-id=\"576ba10c\" data-element_type=\"column\" data-e-type=\"column\">\n\t\t\t<div class=\"elementor-widget-wrap elementor-element-populated\">\n\t\t\t\t\t\t<div class=\"elementor-element elementor-element-20f9ddc9 elementor-widget elementor-widget-heading\" data-id=\"20f9ddc9\" data-element_type=\"widget\" data-e-type=\"widget\" data-widget_type=\"heading.default\">\n\t\t\t\t<div class=\"elementor-widget-container\">\n\t\t\t\t\t<h2 class=\"elementor-heading-title elementor-size-default\">Kontakt<\/h2>\t\t\t\t<\/div>\n\t\t\t\t<\/div>\n\t\t\t\t<div class=\"elementor-element elementor-element-491e1ce1 elementor-widget elementor-widget-text-editor\" data-id=\"491e1ce1\" data-element_type=\"widget\" data-e-type=\"widget\" data-widget_type=\"text-editor.default\">\n\t\t\t\t<div class=\"elementor-widget-container\">\n\t\t\t\t\t\t\t\t\t<p>Masz pytania? Skontaktuj si\u0119 z nami przez e-mail lub telefon kom\u00f3rkowy.<\/p>\n\t\t\t\t\t\t\t\t<\/div>\n\t\t\t\t<\/div>\n\t\t\t\t<div class=\"elementor-element elementor-element-5568b30a elementor-view-stacked elementor-position-inline-start elementor-shape-circle elementor-mobile-position-block-start elementor-widget elementor-widget-icon-box\" data-id=\"5568b30a\" data-element_type=\"widget\" data-e-type=\"widget\" data-widget_type=\"icon-box.default\">\n\t\t\t\t<div class=\"elementor-widget-container\">\n\t\t\t\t\t\t\t<div class=\"elementor-icon-box-wrapper\">\n\n\t\t\t\t\t\t<div class=\"elementor-icon-box-icon\">\n\t\t\t\t<span  class=\"elementor-icon\">\n\t\t\t\t<i aria-hidden=\"true\" class=\"fas fa-envelope\"><\/i>\t\t\t\t<\/span>\n\t\t\t<\/div>\n\t\t\t\n\t\t\t\t\t\t<div class=\"elementor-icon-box-content\">\n\n\t\t\t\t\t\t\t\t\t<h6 class=\"elementor-icon-box-title\">\n\t\t\t\t\t\t<span  >\n\t\t\t\t\t\t\tEmail\t\t\t\t\t\t<\/span>\n\t\t\t\t\t<\/h6>\n\t\t\t\t\n\t\t\t\t\t\t\t\t\t<p class=\"elementor-icon-box-description\">\n\t\t\t\t\t\tporttimet@gmail.com\t\t\t\t\t<\/p>\n\t\t\t\t\n\t\t\t<\/div>\n\t\t\t\n\t\t<\/div>\n\t\t\t\t\t\t<\/div>\n\t\t\t\t<\/div>\n\t\t\t\t<div class=\"elementor-element elementor-element-f5b4295 elementor-view-stacked elementor-position-inline-start elementor-shape-circle elementor-mobile-position-block-start elementor-widget elementor-widget-icon-box\" data-id=\"f5b4295\" data-element_type=\"widget\" data-e-type=\"widget\" data-widget_type=\"icon-box.default\">\n\t\t\t\t<div class=\"elementor-widget-container\">\n\t\t\t\t\t\t\t<div class=\"elementor-icon-box-wrapper\">\n\n\t\t\t\t\t\t<div class=\"elementor-icon-box-icon\">\n\t\t\t\t<span  class=\"elementor-icon\">\n\t\t\t\t<i aria-hidden=\"true\" class=\"fas fa-phone-alt\"><\/i>\t\t\t\t<\/span>\n\t\t\t<\/div>\n\t\t\t\n\t\t\t\t\t\t<div class=\"elementor-icon-box-content\">\n\n\t\t\t\t\t\t\t\t\t<h6 class=\"elementor-icon-box-title\">\n\t\t\t\t\t\t<span  >\n\t\t\t\t\t\t\tTelefon\t\t\t\t\t\t<\/span>\n\t\t\t\t\t<\/h6>\n\t\t\t\t\n\t\t\t\t\t\t\t\t\t<p class=\"elementor-icon-box-description\">\n\t\t\t\t\t\t(+49) 1577 2821 082\t\t\t\t\t<\/p>\n\t\t\t\t\n\t\t\t<\/div>\n\t\t\t\n\t\t<\/div>\n\t\t\t\t\t\t<\/div>\n\t\t\t\t<\/div>\n\t\t\t\t<div class=\"elementor-element elementor-element-b7d77cd elementor-view-stacked elementor-position-inline-start elementor-shape-circle elementor-mobile-position-block-start elementor-widget elementor-widget-icon-box\" data-id=\"b7d77cd\" data-element_type=\"widget\" data-e-type=\"widget\" data-widget_type=\"icon-box.default\">\n\t\t\t\t<div class=\"elementor-widget-container\">\n\t\t\t\t\t\t\t<div class=\"elementor-icon-box-wrapper\">\n\n\t\t\t\t\t\t<div class=\"elementor-icon-box-icon\">\n\t\t\t\t<span  class=\"elementor-icon\">\n\t\t\t\t<i aria-hidden=\"true\" class=\"fas fa-home\"><\/i>\t\t\t\t<\/span>\n\t\t\t<\/div>\n\t\t\t\n\t\t\t\t\t\t<div class=\"elementor-icon-box-content\">\n\n\t\t\t\t\t\t\t\t\t<h6 class=\"elementor-icon-box-title\">\n\t\t\t\t\t\t<span  >\n\t\t\t\t\t\t\tAdres\t\t\t\t\t\t<\/span>\n\t\t\t\t\t<\/h6>\n\t\t\t\t\n\t\t\t\t\t\t\t\t\t<p class=\"elementor-icon-box-description\">\n\t\t\t\t\t\tul. T. Kutrzeby 12<br \/>66-470 Kostrzyn nad Odr\u0105\t\t\t\t\t<\/p>\n\t\t\t\t\n\t\t\t<\/div>\n\t\t\t\n\t\t<\/div>\n\t\t\t\t\t\t<\/div>\n\t\t\t\t<\/div>\n\t\t\t\t\t<\/div>\n\t\t<\/div>\n\t\t\t\t\t<\/div>\n\t\t<\/section>\n\t\t\t\t<\/div>","protected":false},"excerpt":{"rendered":"<p>Nachricht senden Kontakt Sind noch Fragen offen? Kontaktieren Sie uns per E-Mail oder Mobiltelefon. Email porttimet@gmail.com Telefon (+49) 1577 2821 082 Adresse ul. T. Kutrzeby 1266-470 Kostrzyn nad Odr\u0105<\/p>","protected":false},"author":1,"featured_media":0,"parent":0,"menu_order":0,"comment_status":"closed","ping_status":"closed","template":"","meta":{"footnotes":""},"class_list":["post-1533","page","type-page","status-publish","hentry"],"yoast_head":"<!-- This site is optimized with the Yoast SEO plugin v25.9 - https:\/\/yoast.com\/wordpress\/plugins\/seo\/ -->\n<title>Kontakt - Kontaktieren Sie uns - Polnische Metallz\u00e4une - Porttimet<\/title>\n<meta name=\"description\" content=\"Interessieren Sie sich f\u00fcr unser Angebot an Metallz\u00e4unen? Kontaktieren Sie uns \u00fcber das Kontaktformular. Wir antworten innerhalb von 24h.\" \/>\n<meta name=\"robots\" content=\"index, follow, max-snippet:-1, max-image-preview:large, max-video-preview:-1\" \/>\n<link rel=\"canonical\" href=\"https:\/\/porttimet.pl\/pl\/kontakt\/\" \/>\n<meta property=\"og:locale\" content=\"pl_PL\" \/>\n<meta property=\"og:type\" content=\"article\" \/>\n<meta property=\"og:title\" content=\"Kontakt - Kontaktieren Sie uns - Polnische Metallz\u00e4une - Porttimet\" \/>\n<meta property=\"og:description\" content=\"Interessieren Sie sich f\u00fcr unser Angebot an Metallz\u00e4unen? Kontaktieren Sie uns \u00fcber das Kontaktformular. Wir antworten innerhalb von 24h.\" \/>\n<meta property=\"og:url\" content=\"https:\/\/porttimet.pl\/pl\/kontakt\/\" \/>\n<meta property=\"og:site_name\" content=\"Porttimet\" \/>\n<meta property=\"article:publisher\" content=\"https:\/\/pl-pl.facebook.com\/porttimet\/\" \/>\n<meta property=\"article:modified_time\" content=\"2025-09-21T18:22:33+00:00\" \/>\n<meta name=\"twitter:card\" content=\"summary_large_image\" \/>\n<meta name=\"twitter:label1\" content=\"Szacowany czas czytania\" \/>\n\t<meta name=\"twitter:data1\" content=\"1 minuta\" \/>\n<script type=\"application\/ld+json\" class=\"yoast-schema-graph\">{\"@context\":\"https:\/\/schema.org\",\"@graph\":[{\"@type\":[\"WebPage\",\"ContactPage\"],\"@id\":\"https:\/\/porttimet.pl\/kontakt\/\",\"url\":\"https:\/\/porttimet.pl\/kontakt\/\",\"name\":\"Kontakt - Kontaktieren Sie uns - Polnische Metallz\u00e4une - Porttimet\",\"isPartOf\":{\"@id\":\"https:\/\/porttimet.pl\/#website\"},\"datePublished\":\"2021-11-04T20:45:06+00:00\",\"dateModified\":\"2025-09-21T18:22:33+00:00\",\"description\":\"Interessieren Sie sich f\u00fcr unser Angebot an Metallz\u00e4unen? Kontaktieren Sie uns \u00fcber das Kontaktformular. Wir antworten innerhalb von 24h.\",\"breadcrumb\":{\"@id\":\"https:\/\/porttimet.pl\/kontakt\/#breadcrumb\"},\"inLanguage\":\"pl-PL\",\"potentialAction\":[{\"@type\":\"ReadAction\",\"target\":[\"https:\/\/porttimet.pl\/kontakt\/\"]}]},{\"@type\":\"BreadcrumbList\",\"@id\":\"https:\/\/porttimet.pl\/kontakt\/#breadcrumb\",\"itemListElement\":[{\"@type\":\"ListItem\",\"position\":1,\"name\":\"Homepage\",\"item\":\"https:\/\/porttimet.pl\/\"},{\"@type\":\"ListItem\",\"position\":2,\"name\":\"Kontakt\"}]},{\"@type\":\"WebSite\",\"@id\":\"https:\/\/porttimet.pl\/#website\",\"url\":\"https:\/\/porttimet.pl\/\",\"name\":\"Porttimet\",\"description\":\"Kolejna witryna oparta na WordPressie\",\"publisher\":{\"@id\":\"https:\/\/porttimet.pl\/#organization\"},\"potentialAction\":[{\"@type\":\"SearchAction\",\"target\":{\"@type\":\"EntryPoint\",\"urlTemplate\":\"https:\/\/porttimet.pl\/?s={search_term_string}\"},\"query-input\":{\"@type\":\"PropertyValueSpecification\",\"valueRequired\":true,\"valueName\":\"search_term_string\"}}],\"inLanguage\":\"pl-PL\"},{\"@type\":\"Organization\",\"@id\":\"https:\/\/porttimet.pl\/#organization\",\"name\":\"Porttimet.de - Polnische Metallz\u00e4une\",\"url\":\"https:\/\/porttimet.pl\/\",\"logo\":{\"@type\":\"ImageObject\",\"inLanguage\":\"pl-PL\",\"@id\":\"https:\/\/porttimet.pl\/#\/schema\/logo\/image\/\",\"url\":\"https:\/\/porttimet.de\/wp-content\/uploads\/2021\/11\/logo_porttimet.jpg\",\"contentUrl\":\"https:\/\/porttimet.de\/wp-content\/uploads\/2021\/11\/logo_porttimet.jpg\",\"width\":300,\"height\":91,\"caption\":\"Porttimet.de - Polnische Metallz\u00e4une\"},\"image\":{\"@id\":\"https:\/\/porttimet.pl\/#\/schema\/logo\/image\/\"},\"sameAs\":[\"https:\/\/pl-pl.facebook.com\/porttimet\/\"]}]}<\/script>\n<!-- \/ Yoast SEO plugin. -->","yoast_head_json":{"title":"Kontakt - Kontaktieren Sie uns - Polnische Metallz\u00e4une - Porttimet","description":"Interessieren Sie sich f\u00fcr unser Angebot an Metallz\u00e4unen? Kontaktieren Sie uns \u00fcber das Kontaktformular. Wir antworten innerhalb von 24h.","robots":{"index":"index","follow":"follow","max-snippet":"max-snippet:-1","max-image-preview":"max-image-preview:large","max-video-preview":"max-video-preview:-1"},"canonical":"https:\/\/porttimet.pl\/pl\/kontakt\/","og_locale":"pl_PL","og_type":"article","og_title":"Kontakt - Kontaktieren Sie uns - Polnische Metallz\u00e4une - Porttimet","og_description":"Interessieren Sie sich f\u00fcr unser Angebot an Metallz\u00e4unen? Kontaktieren Sie uns \u00fcber das Kontaktformular. Wir antworten innerhalb von 24h.","og_url":"https:\/\/porttimet.pl\/pl\/kontakt\/","og_site_name":"Porttimet","article_publisher":"https:\/\/pl-pl.facebook.com\/porttimet\/","article_modified_time":"2025-09-21T18:22:33+00:00","twitter_card":"summary_large_image","twitter_misc":{"Szacowany czas czytania":"1 minuta"},"schema":{"@context":"https:\/\/schema.org","@graph":[{"@type":["WebPage","ContactPage"],"@id":"https:\/\/porttimet.pl\/kontakt\/","url":"https:\/\/porttimet.pl\/kontakt\/","name":"Kontakt - Kontaktieren Sie uns - Polnische Metallz\u00e4une - Porttimet","isPartOf":{"@id":"https:\/\/porttimet.pl\/#website"},"datePublished":"2021-11-04T20:45:06+00:00","dateModified":"2025-09-21T18:22:33+00:00","description":"Interessieren Sie sich f\u00fcr unser Angebot an Metallz\u00e4unen? Kontaktieren Sie uns \u00fcber das Kontaktformular. Wir antworten innerhalb von 24h.","breadcrumb":{"@id":"https:\/\/porttimet.pl\/kontakt\/#breadcrumb"},"inLanguage":"pl-PL","potentialAction":[{"@type":"ReadAction","target":["https:\/\/porttimet.pl\/kontakt\/"]}]},{"@type":"BreadcrumbList","@id":"https:\/\/porttimet.pl\/kontakt\/#breadcrumb","itemListElement":[{"@type":"ListItem","position":1,"name":"Homepage","item":"https:\/\/porttimet.pl\/"},{"@type":"ListItem","position":2,"name":"Kontakt"}]},{"@type":"WebSite","@id":"https:\/\/porttimet.pl\/#website","url":"https:\/\/porttimet.pl\/","name":"Porttimet","description":"Kolejna witryna oparta na WordPressie","publisher":{"@id":"https:\/\/porttimet.pl\/#organization"},"potentialAction":[{"@type":"SearchAction","target":{"@type":"EntryPoint","urlTemplate":"https:\/\/porttimet.pl\/?s={search_term_string}"},"query-input":{"@type":"PropertyValueSpecification","valueRequired":true,"valueName":"search_term_string"}}],"inLanguage":"pl-PL"},{"@type":"Organization","@id":"https:\/\/porttimet.pl\/#organization","name":"Porttimet.de - Polnische Metallz\u00e4une","url":"https:\/\/porttimet.pl\/","logo":{"@type":"ImageObject","inLanguage":"pl-PL","@id":"https:\/\/porttimet.pl\/#\/schema\/logo\/image\/","url":"https:\/\/porttimet.de\/wp-content\/uploads\/2021\/11\/logo_porttimet.jpg","contentUrl":"https:\/\/porttimet.de\/wp-content\/uploads\/2021\/11\/logo_porttimet.jpg","width":300,"height":91,"caption":"Porttimet.de - Polnische Metallz\u00e4une"},"image":{"@id":"https:\/\/porttimet.pl\/#\/schema\/logo\/image\/"},"sameAs":["https:\/\/pl-pl.facebook.com\/porttimet\/"]}]}},"_links":{"self":[{"href":"https:\/\/porttimet.pl\/pl\/wp-json\/wp\/v2\/pages\/1533","targetHints":{"allow":["GET"]}}],"collection":[{"href":"https:\/\/porttimet.pl\/pl\/wp-json\/wp\/v2\/pages"}],"about":[{"href":"https:\/\/porttimet.pl\/pl\/wp-json\/wp\/v2\/types\/page"}],"author":[{"embeddable":true,"href":"https:\/\/porttimet.pl\/pl\/wp-json\/wp\/v2\/users\/1"}],"replies":[{"embeddable":true,"href":"https:\/\/porttimet.pl\/pl\/wp-json\/wp\/v2\/comments?post=1533"}],"version-history":[{"count":3,"href":"https:\/\/porttimet.pl\/pl\/wp-json\/wp\/v2\/pages\/1533\/revisions"}],"predecessor-version":[{"id":2554,"href":"https:\/\/porttimet.pl\/pl\/wp-json\/wp\/v2\/pages\/1533\/revisions\/2554"}],"wp:attachment":[{"href":"https:\/\/porttimet.pl\/pl\/wp-json\/wp\/v2\/media?parent=1533"}],"curies":[{"name":"wp","href":"https:\/\/api.w.org\/{rel}","templated":true}]}}