{"id":1529,"date":"2021-11-04T21:40:01","date_gmt":"2021-11-04T20:40:01","guid":{"rendered":"https:\/\/porttimet.pl\/firma\/"},"modified":"2025-09-21T20:55:21","modified_gmt":"2025-09-21T18:55:21","slug":"firma","status":"publish","type":"page","link":"https:\/\/porttimet.pl\/pl\/firma\/","title":{"rendered":"O nas"},"content":{"rendered":"<div data-elementor-type=\"wp-page\" data-elementor-id=\"1529\" class=\"elementor elementor-1529\" data-elementor-post-type=\"page\">\n\t\t\t\t\t\t<section class=\"elementor-section elementor-top-section elementor-element elementor-element-4c84dbce elementor-section-boxed elementor-section-height-default elementor-section-height-default\" data-id=\"4c84dbce\" data-element_type=\"section\" data-e-type=\"section\" data-settings=\"{&quot;background_background&quot;:&quot;classic&quot;}\">\n\t\t\t\t\t\t\t<div class=\"elementor-background-overlay\"><\/div>\n\t\t\t\t\t\t\t<div class=\"elementor-container elementor-column-gap-default\">\n\t\t\t\t\t<div class=\"elementor-column elementor-col-100 elementor-top-column elementor-element elementor-element-3ba17e0\" data-id=\"3ba17e0\" data-element_type=\"column\" data-e-type=\"column\">\n\t\t\t<div class=\"elementor-widget-wrap elementor-element-populated\">\n\t\t\t\t\t\t<div class=\"elementor-element elementor-element-20d951fb elementor-align-center elementor-widget elementor-widget-breadcrumbs\" data-id=\"20d951fb\" data-element_type=\"widget\" data-e-type=\"widget\" data-widget_type=\"breadcrumbs.default\">\n\t\t\t\t<div class=\"elementor-widget-container\">\n\t\t\t\t\t<nav id=\"breadcrumbs\"><span><span><a href=\"https:\/\/porttimet.pl\/pl\/\">Strona g\u0142\u00f3wna<\/a><\/span><\/span><\/nav>\t\t\t\t<\/div>\n\t\t\t\t<\/div>\n\t\t\t\t\t<\/div>\n\t\t<\/div>\n\t\t\t\t\t<\/div>\n\t\t<\/section>\n\t\t\t\t<section class=\"elementor-section elementor-top-section elementor-element elementor-element-397bbbf elementor-section-boxed elementor-section-height-default elementor-section-height-default\" data-id=\"397bbbf\" data-element_type=\"section\" data-e-type=\"section\" data-settings=\"{&quot;background_background&quot;:&quot;classic&quot;}\">\n\t\t\t\t\t\t<div class=\"elementor-container elementor-column-gap-default\">\n\t\t\t\t\t<div class=\"elementor-column elementor-col-50 elementor-top-column elementor-element elementor-element-ce210ac\" data-id=\"ce210ac\" data-element_type=\"column\" data-e-type=\"column\">\n\t\t\t<div class=\"elementor-widget-wrap elementor-element-populated\">\n\t\t\t\t\t\t<div class=\"elementor-element elementor-element-9310b78 elementor-widget elementor-widget-image\" data-id=\"9310b78\" data-element_type=\"widget\" data-e-type=\"widget\" data-widget_type=\"image.default\">\n\t\t\t\t<div class=\"elementor-widget-container\">\n\t\t\t\t\t\t\t\t\t\t\t\t\t\t\t<img fetchpriority=\"high\" decoding=\"async\" width=\"491\" height=\"368\" src=\"https:\/\/porttimet.pl\/wp-content\/uploads\/2021\/10\/home_4.jpg\" class=\"attachment-large size-large wp-image-55\" alt=\"\" srcset=\"https:\/\/porttimet.pl\/wp-content\/uploads\/2021\/10\/home_4.jpg 491w, https:\/\/porttimet.pl\/wp-content\/uploads\/2021\/10\/home_4-300x225.jpg 300w\" sizes=\"(max-width: 491px) 100vw, 491px\" \/>\t\t\t\t\t\t\t\t\t\t\t\t\t\t\t<\/div>\n\t\t\t\t<\/div>\n\t\t\t\t\t<\/div>\n\t\t<\/div>\n\t\t\t\t<div class=\"elementor-column elementor-col-50 elementor-top-column elementor-element elementor-element-1d4c25d\" data-id=\"1d4c25d\" data-element_type=\"column\" data-e-type=\"column\">\n\t\t\t<div class=\"elementor-widget-wrap elementor-element-populated\">\n\t\t\t\t\t\t<div class=\"elementor-element elementor-element-c8a73f0 elementor-widget elementor-widget-heading\" data-id=\"c8a73f0\" data-element_type=\"widget\" data-e-type=\"widget\" data-widget_type=\"heading.default\">\n\t\t\t\t<div class=\"elementor-widget-container\">\n\t\t\t\t\t<h2 class=\"elementor-heading-title elementor-size-default\">Ogrodzenia i wyroby metalowe<\/h2>\t\t\t\t<\/div>\n\t\t\t\t<\/div>\n\t\t\t\t<div class=\"elementor-element elementor-element-19ccc56 elementor-widget elementor-widget-text-editor\" data-id=\"19ccc56\" data-element_type=\"widget\" data-e-type=\"widget\" data-widget_type=\"text-editor.default\">\n\t\t\t\t<div class=\"elementor-widget-container\">\n\t\t\t\t\t\t\t\t\t<p class=\"translation-block\">Porttimet.de to firma z d\u0142ug\u0105 tradycj\u0105. Posiadamy wieloletnie do\u015bwiadczenie w produkcji wyrob\u00f3w metalowych. Produkujemy: <em><strong>ogrodzenia kute, ogrodzenia nowoczesne, ogrodzenia panelowe, bramy przesuwne, bramy dwuskrzyd\u0142owe oraz nap\u0119dy do bram.<\/strong><\/em> Oferujemy wysokiej jako\u015bci polskie bramy. Dzia\u0142amy na rynku polskim i niemieckim. Oferujemy monta\u017c w pe\u0142ni automatycznych bram. Nasze produkty wyr\u00f3\u017cniaj\u0105 si\u0119 wysok\u0105 jako\u015bci\u0105 w zaawansowanej technologii ocynkowania ogniowego oraz w lakierowaniu proszkowym. Dzi\u0119ki tym technologiom mo\u017cesz cieszy\u0107 si\u0119 naszymi produktami przez wiele lat.<\/p>\t\t\t\t\t\t\t\t<\/div>\n\t\t\t\t<\/div>\n\t\t\t\t\t<\/div>\n\t\t<\/div>\n\t\t\t\t\t<\/div>\n\t\t<\/section>\n\t\t\t\t<section class=\"elementor-section elementor-top-section elementor-element elementor-element-3439ef7 elementor-section-boxed elementor-section-height-default elementor-section-height-default\" data-id=\"3439ef7\" data-element_type=\"section\" data-e-type=\"section\" data-settings=\"{&quot;background_background&quot;:&quot;classic&quot;}\">\n\t\t\t\t\t\t\t<div class=\"elementor-background-overlay\"><\/div>\n\t\t\t\t\t\t\t<div class=\"elementor-container elementor-column-gap-default\">\n\t\t\t\t\t<div class=\"elementor-column elementor-col-50 elementor-top-column elementor-element elementor-element-02e4354\" data-id=\"02e4354\" data-element_type=\"column\" data-e-type=\"column\">\n\t\t\t<div class=\"elementor-widget-wrap elementor-element-populated\">\n\t\t\t\t\t\t<div class=\"elementor-element elementor-element-4acf49c elementor-widget elementor-widget-heading\" data-id=\"4acf49c\" data-element_type=\"widget\" data-e-type=\"widget\" data-widget_type=\"heading.default\">\n\t\t\t\t<div class=\"elementor-widget-container\">\n\t\t\t\t\t<h3 class=\"elementor-heading-title elementor-size-default\">Ogrodzenia z Polski<\/h3>\t\t\t\t<\/div>\n\t\t\t\t<\/div>\n\t\t\t\t<div class=\"elementor-element elementor-element-0c80c7a elementor-widget elementor-widget-heading\" data-id=\"0c80c7a\" data-element_type=\"widget\" data-e-type=\"widget\" data-widget_type=\"heading.default\">\n\t\t\t\t<div class=\"elementor-widget-container\">\n\t\t\t\t\t<h2 class=\"elementor-heading-title elementor-size-default translation-block\">Najlepsze materia\u0142y<br>na rynku<\/h2>\t\t\t\t<\/div>\n\t\t\t\t<\/div>\n\t\t\t\t\t<\/div>\n\t\t<\/div>\n\t\t\t\t<div class=\"elementor-column elementor-col-50 elementor-top-column elementor-element elementor-element-c185c6d\" data-id=\"c185c6d\" data-element_type=\"column\" data-e-type=\"column\">\n\t\t\t<div class=\"elementor-widget-wrap elementor-element-populated\">\n\t\t\t\t\t\t<div class=\"elementor-element elementor-element-c2213f0 elementor-widget elementor-widget-text-editor\" data-id=\"c2213f0\" data-element_type=\"widget\" data-e-type=\"widget\" data-widget_type=\"text-editor.default\">\n\t\t\t\t<div class=\"elementor-widget-container\">\n\t\t\t\t\t\t\t\t\t<p>Wsp\u00f3\u0142pracujemy tylko z niezawodnymi dostawcami. Nasze produkty maj\u0105 najwy\u017csz\u0105 jako\u015b\u0107. Posiadamy bardzo do\u015bwiadczony zesp\u00f3\u0142 pracownik\u00f3w, kt\u00f3ry dba o Tw\u00f3j produkt na ka\u017cdym etapie produkcji.<\/p>\n<p>Najwy\u017csza jako\u015b\u0107 to znak rozpoznawczy naszej firmy. Przejd\u017a do naszego konfiguratora ogrodze\u0144 i wy\u015blij zapytanie ofertowe. Skontaktujemy si\u0119 z Tob\u0105 w ci\u0105gu 24 godzin z przygotowan\u0105 ofert\u0105.<\/p>\n\t\t\t\t\t\t\t\t<\/div>\n\t\t\t\t<\/div>\n\t\t\t\t\t<\/div>\n\t\t<\/div>\n\t\t\t\t\t<\/div>\n\t\t<\/section>\n\t\t\t\t<section class=\"elementor-section elementor-top-section elementor-element elementor-element-35d887e elementor-section-boxed elementor-section-height-default elementor-section-height-default\" data-id=\"35d887e\" data-element_type=\"section\" data-e-type=\"section\">\n\t\t\t\t\t\t<div class=\"elementor-container elementor-column-gap-default\">\n\t\t\t\t\t<div class=\"elementor-column elementor-col-33 elementor-top-column elementor-element elementor-element-79e2522\" data-id=\"79e2522\" data-element_type=\"column\" data-e-type=\"column\">\n\t\t\t<div class=\"elementor-widget-wrap elementor-element-populated\">\n\t\t\t\t\t\t<div class=\"elementor-element elementor-element-0f67f33 elementor-widget elementor-widget-counter\" data-id=\"0f67f33\" data-element_type=\"widget\" data-e-type=\"widget\" data-widget_type=\"counter.default\">\n\t\t\t\t<div class=\"elementor-widget-container\">\n\t\t\t\t\t\t\t<div class=\"elementor-counter\">\n\t\t\t<div class=\"elementor-counter-title\">Zrealizowane projekty<\/div>\t\t\t<div class=\"elementor-counter-number-wrapper\">\n\t\t\t\t<span class=\"elementor-counter-number-prefix\"><\/span>\n\t\t\t\t<span class=\"elementor-counter-number\" data-duration=\"2000\" data-to-value=\"1543\" data-from-value=\"0\" data-delimiter=\",\">0<\/span>\n\t\t\t\t<span class=\"elementor-counter-number-suffix\"><\/span>\n\t\t\t<\/div>\n\t\t<\/div>\n\t\t\t\t\t\t<\/div>\n\t\t\t\t<\/div>\n\t\t\t\t\t<\/div>\n\t\t<\/div>\n\t\t\t\t<div class=\"elementor-column elementor-col-33 elementor-top-column elementor-element elementor-element-82fe7d7\" data-id=\"82fe7d7\" data-element_type=\"column\" data-e-type=\"column\">\n\t\t\t<div class=\"elementor-widget-wrap elementor-element-populated\">\n\t\t\t\t\t\t<div class=\"elementor-element elementor-element-7cd9477 elementor-widget elementor-widget-counter\" data-id=\"7cd9477\" data-element_type=\"widget\" data-e-type=\"widget\" data-widget_type=\"counter.default\">\n\t\t\t\t<div class=\"elementor-widget-container\">\n\t\t\t\t\t\t\t<div class=\"elementor-counter\">\n\t\t\t<div class=\"elementor-counter-title\">Metr\u00f3w ogrodze\u0144<\/div>\t\t\t<div class=\"elementor-counter-number-wrapper\">\n\t\t\t\t<span class=\"elementor-counter-number-prefix\"><\/span>\n\t\t\t\t<span class=\"elementor-counter-number\" data-duration=\"2000\" data-to-value=\"2403\" data-from-value=\"0\" data-delimiter=\",\">0<\/span>\n\t\t\t\t<span class=\"elementor-counter-number-suffix\">m<\/span>\n\t\t\t<\/div>\n\t\t<\/div>\n\t\t\t\t\t\t<\/div>\n\t\t\t\t<\/div>\n\t\t\t\t\t<\/div>\n\t\t<\/div>\n\t\t\t\t<div class=\"elementor-column elementor-col-33 elementor-top-column elementor-element elementor-element-13bc05d\" data-id=\"13bc05d\" data-element_type=\"column\" data-e-type=\"column\">\n\t\t\t<div class=\"elementor-widget-wrap elementor-element-populated\">\n\t\t\t\t\t\t<div class=\"elementor-element elementor-element-e9a3a9e elementor-widget elementor-widget-counter\" data-id=\"e9a3a9e\" data-element_type=\"widget\" data-e-type=\"widget\" data-widget_type=\"counter.default\">\n\t\t\t\t<div class=\"elementor-widget-container\">\n\t\t\t\t\t\t\t<div class=\"elementor-counter\">\n\t\t\t<div class=\"elementor-counter-title\">Zadowolonych klient\u00f3w<\/div>\t\t\t<div class=\"elementor-counter-number-wrapper\">\n\t\t\t\t<span class=\"elementor-counter-number-prefix\"><\/span>\n\t\t\t\t<span class=\"elementor-counter-number\" data-duration=\"2000\" data-to-value=\"100\" data-from-value=\"0\" data-delimiter=\",\">0<\/span>\n\t\t\t\t<span class=\"elementor-counter-number-suffix\">%<\/span>\n\t\t\t<\/div>\n\t\t<\/div>\n\t\t\t\t\t\t<\/div>\n\t\t\t\t<\/div>\n\t\t\t\t\t<\/div>\n\t\t<\/div>\n\t\t\t\t\t<\/div>\n\t\t<\/section>\n\t\t\t\t<section class=\"elementor-section elementor-top-section elementor-element elementor-element-10ae80cc elementor-section-boxed elementor-section-height-default elementor-section-height-default\" data-id=\"10ae80cc\" data-element_type=\"section\" data-e-type=\"section\" data-settings=\"{&quot;background_background&quot;:&quot;classic&quot;}\">\n\t\t\t\t\t\t\t<div class=\"elementor-background-overlay\"><\/div>\n\t\t\t\t\t\t\t<div class=\"elementor-container elementor-column-gap-no\">\n\t\t\t\t\t<div class=\"elementor-column elementor-col-50 elementor-top-column elementor-element elementor-element-37984855\" data-id=\"37984855\" data-element_type=\"column\" data-e-type=\"column\">\n\t\t\t<div class=\"elementor-widget-wrap elementor-element-populated\">\n\t\t\t\t\t\t<div class=\"elementor-element elementor-element-f03fc5e elementor-widget elementor-widget-heading\" data-id=\"f03fc5e\" data-element_type=\"widget\" data-e-type=\"widget\" data-widget_type=\"heading.default\">\n\t\t\t\t<div class=\"elementor-widget-container\">\n\t\t\t\t\t<h2 class=\"elementor-heading-title elementor-size-default\">Galeria naszych wyrob\u00f3w<\/h2>\t\t\t\t<\/div>\n\t\t\t\t<\/div>\n\t\t\t\t<div class=\"elementor-element elementor-element-5d4c9fa8 elementor-widget elementor-widget-text-editor\" data-id=\"5d4c9fa8\" data-element_type=\"widget\" data-e-type=\"widget\" data-widget_type=\"text-editor.default\">\n\t\t\t\t<div class=\"elementor-widget-container\">\n\t\t\t\t\t\t\t\t\t<p>Zrealizowali\u015bmy wiele projekt\u00f3w. Zobacz nasz\u0105 galeri\u0119.<\/p>\t\t\t\t\t\t\t\t<\/div>\n\t\t\t\t<\/div>\n\t\t\t\t\t<\/div>\n\t\t<\/div>\n\t\t\t\t<div class=\"elementor-column elementor-col-50 elementor-top-column elementor-element elementor-element-5b5d6c0a\" data-id=\"5b5d6c0a\" data-element_type=\"column\" data-e-type=\"column\">\n\t\t\t<div class=\"elementor-widget-wrap elementor-element-populated\">\n\t\t\t\t\t\t<div class=\"elementor-element elementor-element-4bb61e1e elementor-align-center elementor-mobile-align-left elementor-widget elementor-widget-button\" data-id=\"4bb61e1e\" data-element_type=\"widget\" data-e-type=\"widget\" data-widget_type=\"button.default\">\n\t\t\t\t<div class=\"elementor-widget-container\">\n\t\t\t\t\t\t\t\t\t<div class=\"elementor-button-wrapper\">\n\t\t\t\t\t<a class=\"elementor-button elementor-button-link elementor-size-lg\" href=\"https:\/\/porttimet.pl\/pl\/de\/galerie\/\">\n\t\t\t\t\t\t<span class=\"elementor-button-content-wrapper\">\n\t\t\t\t\t\t\t\t\t<span class=\"elementor-button-text\">Sprawd\u017a<\/span>\n\t\t\t\t\t<\/span>\n\t\t\t\t\t<\/a>\n\t\t\t\t<\/div>\n\t\t\t\t\t\t\t\t<\/div>\n\t\t\t\t<\/div>\n\t\t\t\t\t<\/div>\n\t\t<\/div>\n\t\t\t\t\t<\/div>\n\t\t<\/section>\n\t\t\t\t<\/div>","protected":false},"excerpt":{"rendered":"<p>Z\u00e4une und Metallprodukte Porttimet.de ist ein Unternehmen mit einer langen Tradition. Wir verf\u00fcgen \u00fcber mehrj\u00e4hrige Erfahrung in der Herstellung von Metallprodukten. Wir produzieren: Schmiedez\u00e4une, moderne Z\u00e4une, Doppelstabmattenzaun, Schiebetore, Zweifl\u00fcgeltore und Torantriebe. Wir bieten qualitativ hochwertige polnische Tore an. Wir sind auf dem polnischen und deutschen Markt t\u00e4tig. Wir bieten die Montage von vollautomatischen Toren an. [&hellip;]<\/p>","protected":false},"author":1,"featured_media":0,"parent":0,"menu_order":0,"comment_status":"closed","ping_status":"closed","template":"","meta":{"footnotes":""},"class_list":["post-1529","page","type-page","status-publish","hentry"],"yoast_head":"<!-- This site is optimized with the Yoast SEO plugin v25.9 - https:\/\/yoast.com\/wordpress\/plugins\/seo\/ -->\n<title>Firma - Polnische Metallz\u00e4une - Porttimet<\/title>\n<meta name=\"description\" content=\"Porttimet.de ist ein Unternehmen mit einer langen Tradition. Wir verf\u00fcgen \u00fcber mehrj\u00e4hrige Erfahrung in der Herstellung von Metallz\u00e4une.\" \/>\n<meta name=\"robots\" content=\"index, follow, max-snippet:-1, max-image-preview:large, max-video-preview:-1\" \/>\n<link rel=\"canonical\" href=\"https:\/\/porttimet.pl\/pl\/firma\/\" \/>\n<meta property=\"og:locale\" content=\"pl_PL\" \/>\n<meta property=\"og:type\" content=\"article\" \/>\n<meta property=\"og:title\" content=\"Firma - Polnische Metallz\u00e4une - Porttimet\" \/>\n<meta property=\"og:description\" content=\"Porttimet.de ist ein Unternehmen mit einer langen Tradition. Wir verf\u00fcgen \u00fcber mehrj\u00e4hrige Erfahrung in der Herstellung von Metallz\u00e4une.\" \/>\n<meta property=\"og:url\" content=\"https:\/\/porttimet.pl\/pl\/firma\/\" \/>\n<meta property=\"og:site_name\" content=\"Porttimet\" \/>\n<meta property=\"article:publisher\" content=\"https:\/\/pl-pl.facebook.com\/porttimet\/\" \/>\n<meta property=\"article:modified_time\" content=\"2025-09-21T18:55:21+00:00\" \/>\n<meta property=\"og:image\" content=\"https:\/\/porttimet.pl\/wp-content\/uploads\/2021\/10\/home_4.jpg\" \/>\n<meta name=\"twitter:card\" content=\"summary_large_image\" \/>\n<meta name=\"twitter:label1\" content=\"Szacowany czas czytania\" \/>\n\t<meta name=\"twitter:data1\" content=\"2 minuty\" \/>\n<script type=\"application\/ld+json\" class=\"yoast-schema-graph\">{\"@context\":\"https:\/\/schema.org\",\"@graph\":[{\"@type\":[\"WebPage\",\"AboutPage\"],\"@id\":\"https:\/\/porttimet.pl\/firma\/\",\"url\":\"https:\/\/porttimet.pl\/firma\/\",\"name\":\"Firma - Polnische Metallz\u00e4une - Porttimet\",\"isPartOf\":{\"@id\":\"https:\/\/porttimet.pl\/#website\"},\"primaryImageOfPage\":{\"@id\":\"https:\/\/porttimet.pl\/firma\/#primaryimage\"},\"image\":{\"@id\":\"https:\/\/porttimet.pl\/firma\/#primaryimage\"},\"thumbnailUrl\":\"https:\/\/porttimet.pl\/wp-content\/uploads\/2021\/10\/home_4.jpg\",\"datePublished\":\"2021-11-04T20:40:01+00:00\",\"dateModified\":\"2025-09-21T18:55:21+00:00\",\"description\":\"Porttimet.de ist ein Unternehmen mit einer langen Tradition. Wir verf\u00fcgen \u00fcber mehrj\u00e4hrige Erfahrung in der Herstellung von Metallz\u00e4une.\",\"breadcrumb\":{\"@id\":\"https:\/\/porttimet.pl\/firma\/#breadcrumb\"},\"inLanguage\":\"pl-PL\",\"potentialAction\":[{\"@type\":\"ReadAction\",\"target\":[\"https:\/\/porttimet.pl\/firma\/\"]}]},{\"@type\":\"ImageObject\",\"inLanguage\":\"pl-PL\",\"@id\":\"https:\/\/porttimet.pl\/firma\/#primaryimage\",\"url\":\"https:\/\/porttimet.pl\/wp-content\/uploads\/2021\/10\/home_4.jpg\",\"contentUrl\":\"https:\/\/porttimet.pl\/wp-content\/uploads\/2021\/10\/home_4.jpg\"},{\"@type\":\"BreadcrumbList\",\"@id\":\"https:\/\/porttimet.pl\/firma\/#breadcrumb\",\"itemListElement\":[{\"@type\":\"ListItem\",\"position\":1,\"name\":\"Homepage\",\"item\":\"https:\/\/porttimet.pl\/\"},{\"@type\":\"ListItem\",\"position\":2,\"name\":\"Firma\"}]},{\"@type\":\"WebSite\",\"@id\":\"https:\/\/porttimet.pl\/#website\",\"url\":\"https:\/\/porttimet.pl\/\",\"name\":\"Porttimet\",\"description\":\"Kolejna witryna oparta na WordPressie\",\"publisher\":{\"@id\":\"https:\/\/porttimet.pl\/#organization\"},\"potentialAction\":[{\"@type\":\"SearchAction\",\"target\":{\"@type\":\"EntryPoint\",\"urlTemplate\":\"https:\/\/porttimet.pl\/?s={search_term_string}\"},\"query-input\":{\"@type\":\"PropertyValueSpecification\",\"valueRequired\":true,\"valueName\":\"search_term_string\"}}],\"inLanguage\":\"pl-PL\"},{\"@type\":\"Organization\",\"@id\":\"https:\/\/porttimet.pl\/#organization\",\"name\":\"Porttimet.de - Polnische Metallz\u00e4une\",\"url\":\"https:\/\/porttimet.pl\/\",\"logo\":{\"@type\":\"ImageObject\",\"inLanguage\":\"pl-PL\",\"@id\":\"https:\/\/porttimet.pl\/#\/schema\/logo\/image\/\",\"url\":\"https:\/\/porttimet.de\/wp-content\/uploads\/2021\/11\/logo_porttimet.jpg\",\"contentUrl\":\"https:\/\/porttimet.de\/wp-content\/uploads\/2021\/11\/logo_porttimet.jpg\",\"width\":300,\"height\":91,\"caption\":\"Porttimet.de - Polnische Metallz\u00e4une\"},\"image\":{\"@id\":\"https:\/\/porttimet.pl\/#\/schema\/logo\/image\/\"},\"sameAs\":[\"https:\/\/pl-pl.facebook.com\/porttimet\/\"]}]}<\/script>\n<!-- \/ Yoast SEO plugin. -->","yoast_head_json":{"title":"Firma - Polnische Metallz\u00e4une - Porttimet","description":"Porttimet.de ist ein Unternehmen mit einer langen Tradition. Wir verf\u00fcgen \u00fcber mehrj\u00e4hrige Erfahrung in der Herstellung von Metallz\u00e4une.","robots":{"index":"index","follow":"follow","max-snippet":"max-snippet:-1","max-image-preview":"max-image-preview:large","max-video-preview":"max-video-preview:-1"},"canonical":"https:\/\/porttimet.pl\/pl\/firma\/","og_locale":"pl_PL","og_type":"article","og_title":"Firma - Polnische Metallz\u00e4une - Porttimet","og_description":"Porttimet.de ist ein Unternehmen mit einer langen Tradition. Wir verf\u00fcgen \u00fcber mehrj\u00e4hrige Erfahrung in der Herstellung von Metallz\u00e4une.","og_url":"https:\/\/porttimet.pl\/pl\/firma\/","og_site_name":"Porttimet","article_publisher":"https:\/\/pl-pl.facebook.com\/porttimet\/","article_modified_time":"2025-09-21T18:55:21+00:00","og_image":[{"url":"https:\/\/porttimet.pl\/wp-content\/uploads\/2021\/10\/home_4.jpg","type":"","width":"","height":""}],"twitter_card":"summary_large_image","twitter_misc":{"Szacowany czas czytania":"2 minuty"},"schema":{"@context":"https:\/\/schema.org","@graph":[{"@type":["WebPage","AboutPage"],"@id":"https:\/\/porttimet.pl\/firma\/","url":"https:\/\/porttimet.pl\/firma\/","name":"Firma - Polnische Metallz\u00e4une - Porttimet","isPartOf":{"@id":"https:\/\/porttimet.pl\/#website"},"primaryImageOfPage":{"@id":"https:\/\/porttimet.pl\/firma\/#primaryimage"},"image":{"@id":"https:\/\/porttimet.pl\/firma\/#primaryimage"},"thumbnailUrl":"https:\/\/porttimet.pl\/wp-content\/uploads\/2021\/10\/home_4.jpg","datePublished":"2021-11-04T20:40:01+00:00","dateModified":"2025-09-21T18:55:21+00:00","description":"Porttimet.de ist ein Unternehmen mit einer langen Tradition. Wir verf\u00fcgen \u00fcber mehrj\u00e4hrige Erfahrung in der Herstellung von Metallz\u00e4une.","breadcrumb":{"@id":"https:\/\/porttimet.pl\/firma\/#breadcrumb"},"inLanguage":"pl-PL","potentialAction":[{"@type":"ReadAction","target":["https:\/\/porttimet.pl\/firma\/"]}]},{"@type":"ImageObject","inLanguage":"pl-PL","@id":"https:\/\/porttimet.pl\/firma\/#primaryimage","url":"https:\/\/porttimet.pl\/wp-content\/uploads\/2021\/10\/home_4.jpg","contentUrl":"https:\/\/porttimet.pl\/wp-content\/uploads\/2021\/10\/home_4.jpg"},{"@type":"BreadcrumbList","@id":"https:\/\/porttimet.pl\/firma\/#breadcrumb","itemListElement":[{"@type":"ListItem","position":1,"name":"Homepage","item":"https:\/\/porttimet.pl\/"},{"@type":"ListItem","position":2,"name":"Firma"}]},{"@type":"WebSite","@id":"https:\/\/porttimet.pl\/#website","url":"https:\/\/porttimet.pl\/","name":"Porttimet","description":"Kolejna witryna oparta na WordPressie","publisher":{"@id":"https:\/\/porttimet.pl\/#organization"},"potentialAction":[{"@type":"SearchAction","target":{"@type":"EntryPoint","urlTemplate":"https:\/\/porttimet.pl\/?s={search_term_string}"},"query-input":{"@type":"PropertyValueSpecification","valueRequired":true,"valueName":"search_term_string"}}],"inLanguage":"pl-PL"},{"@type":"Organization","@id":"https:\/\/porttimet.pl\/#organization","name":"Porttimet.de - Polnische Metallz\u00e4une","url":"https:\/\/porttimet.pl\/","logo":{"@type":"ImageObject","inLanguage":"pl-PL","@id":"https:\/\/porttimet.pl\/#\/schema\/logo\/image\/","url":"https:\/\/porttimet.de\/wp-content\/uploads\/2021\/11\/logo_porttimet.jpg","contentUrl":"https:\/\/porttimet.de\/wp-content\/uploads\/2021\/11\/logo_porttimet.jpg","width":300,"height":91,"caption":"Porttimet.de - Polnische Metallz\u00e4une"},"image":{"@id":"https:\/\/porttimet.pl\/#\/schema\/logo\/image\/"},"sameAs":["https:\/\/pl-pl.facebook.com\/porttimet\/"]}]}},"_links":{"self":[{"href":"https:\/\/porttimet.pl\/pl\/wp-json\/wp\/v2\/pages\/1529","targetHints":{"allow":["GET"]}}],"collection":[{"href":"https:\/\/porttimet.pl\/pl\/wp-json\/wp\/v2\/pages"}],"about":[{"href":"https:\/\/porttimet.pl\/pl\/wp-json\/wp\/v2\/types\/page"}],"author":[{"embeddable":true,"href":"https:\/\/porttimet.pl\/pl\/wp-json\/wp\/v2\/users\/1"}],"replies":[{"embeddable":true,"href":"https:\/\/porttimet.pl\/pl\/wp-json\/wp\/v2\/comments?post=1529"}],"version-history":[{"count":3,"href":"https:\/\/porttimet.pl\/pl\/wp-json\/wp\/v2\/pages\/1529\/revisions"}],"predecessor-version":[{"id":2558,"href":"https:\/\/porttimet.pl\/pl\/wp-json\/wp\/v2\/pages\/1529\/revisions\/2558"}],"wp:attachment":[{"href":"https:\/\/porttimet.pl\/pl\/wp-json\/wp\/v2\/media?parent=1529"}],"curies":[{"name":"wp","href":"https:\/\/api.w.org\/{rel}","templated":true}]}}