{"id":1527,"date":"2021-11-04T21:36:05","date_gmt":"2021-11-04T20:36:05","guid":{"rendered":"https:\/\/porttimet.pl\/tore-und-pforten\/"},"modified":"2025-09-21T20:57:49","modified_gmt":"2025-09-21T18:57:49","slug":"tore-und-pforten","status":"publish","type":"page","link":"https:\/\/porttimet.pl\/pl\/tore-und-pforten\/","title":{"rendered":"Bramy i furtki"},"content":{"rendered":"<div data-elementor-type=\"wp-page\" data-elementor-id=\"1527\" class=\"elementor elementor-1527\" data-elementor-post-type=\"page\">\n\t\t\t\t\t\t<section class=\"elementor-section elementor-top-section elementor-element elementor-element-57958c04 elementor-section-boxed elementor-section-height-default elementor-section-height-default\" data-id=\"57958c04\" data-element_type=\"section\" data-e-type=\"section\" data-settings=\"{&quot;background_background&quot;:&quot;classic&quot;}\">\n\t\t\t\t\t\t\t<div class=\"elementor-background-overlay\"><\/div>\n\t\t\t\t\t\t\t<div class=\"elementor-container elementor-column-gap-default\">\n\t\t\t\t\t<div class=\"elementor-column elementor-col-100 elementor-top-column elementor-element elementor-element-79b8143\" data-id=\"79b8143\" data-element_type=\"column\" data-e-type=\"column\">\n\t\t\t<div class=\"elementor-widget-wrap elementor-element-populated\">\n\t\t\t\t\t\t<div class=\"elementor-element elementor-element-21ba958a elementor-align-center elementor-widget elementor-widget-breadcrumbs\" data-id=\"21ba958a\" data-element_type=\"widget\" data-e-type=\"widget\" data-widget_type=\"breadcrumbs.default\">\n\t\t\t\t<div class=\"elementor-widget-container\">\n\t\t\t\t\t<nav id=\"breadcrumbs\"><span><span><a href=\"https:\/\/porttimet.pl\/pl\/\">Strona g\u0142\u00f3wna<\/a><\/span><\/span><\/nav>\t\t\t\t<\/div>\n\t\t\t\t<\/div>\n\t\t\t\t\t<\/div>\n\t\t<\/div>\n\t\t\t\t\t<\/div>\n\t\t<\/section>\n\t\t\t\t<section class=\"elementor-section elementor-top-section elementor-element elementor-element-db095e4 elementor-section-boxed elementor-section-height-default elementor-section-height-default\" data-id=\"db095e4\" data-element_type=\"section\" data-e-type=\"section\">\n\t\t\t\t\t\t\t<div class=\"elementor-background-overlay\"><\/div>\n\t\t\t\t\t\t\t<div class=\"elementor-container elementor-column-gap-default\">\n\t\t\t\t\t<div class=\"elementor-column elementor-col-50 elementor-top-column elementor-element elementor-element-8ac08a2\" data-id=\"8ac08a2\" data-element_type=\"column\" data-e-type=\"column\">\n\t\t\t<div class=\"elementor-widget-wrap elementor-element-populated\">\n\t\t\t\t\t\t<div class=\"elementor-element elementor-element-addd50e elementor-widget elementor-widget-heading\" data-id=\"addd50e\" data-element_type=\"widget\" data-e-type=\"widget\" data-widget_type=\"heading.default\">\n\t\t\t\t<div class=\"elementor-widget-container\">\n\t\t\t\t\t<h2 class=\"elementor-heading-title elementor-size-default\">Bramy przesuwne<\/h2>\t\t\t\t<\/div>\n\t\t\t\t<\/div>\n\t\t\t\t<div class=\"elementor-element elementor-element-fcaac9b elementor-widget elementor-widget-text-editor\" data-id=\"fcaac9b\" data-element_type=\"widget\" data-e-type=\"widget\" data-widget_type=\"text-editor.default\">\n\t\t\t\t<div class=\"elementor-widget-container\">\n\t\t\t\t\t\t\t\t\t<p>Bramy przesuwne s\u0105 coraz cz\u0119\u015bciej stosowane na prywatnych posesjach. Stanowi\u0105 bardziej praktyczne rozwi\u0105zanie ni\u017c bramy dwuskrzyd\u0142owe, mi\u0119dzy innymi nie blokuj\u0105 przestrzeni na podje\u017adzie. Wa\u017cnym elementem przy wyborze bram przesuwnych jest du\u017ca przestrze\u0144, przynajmniej o szeroko\u015bci skrzyd\u0142a przesuwnego.<\/p>\n<p>Podstaw\u0105 konstrukcji bramy przesuwnej jest prowadnica dolna, po kt\u00f3rej \u015blizgaj\u0105 si\u0119 rolki prowadz\u0105ce. Na obu ko\u0144cach znajduj\u0105 si\u0119 s\u0142upki odpowiedzialne za ruch skrzyde\u0142 bramy i ich pionowe utrzymanie. Szeroko\u015b\u0107 skrzyde\u0142 bramy dostosowywana jest do potrzeb klienta.<\/p>\t\t\t\t\t\t\t\t<\/div>\n\t\t\t\t<\/div>\n\t\t\t\t\t<\/div>\n\t\t<\/div>\n\t\t\t\t<div class=\"elementor-column elementor-col-50 elementor-top-column elementor-element elementor-element-7846ca9\" data-id=\"7846ca9\" data-element_type=\"column\" data-e-type=\"column\">\n\t\t\t<div class=\"elementor-widget-wrap elementor-element-populated\">\n\t\t\t\t\t\t<div class=\"elementor-element elementor-element-f000ea2 elementor-widget elementor-widget-image\" data-id=\"f000ea2\" data-element_type=\"widget\" data-e-type=\"widget\" data-widget_type=\"image.default\">\n\t\t\t\t<div class=\"elementor-widget-container\">\n\t\t\t\t\t\t\t\t\t\t\t\t\t\t\t<img decoding=\"async\" src=\"https:\/\/porttimet.pl\/wp-content\/uploads\/elementor\/thumbs\/OB.02-rg4x8sgqwf14yhmavfrwxtmuyhw0ggg1ea0sdqrhmo.jpg\" title=\"OB.02\" alt=\"OB.02\" loading=\"lazy\" \/>\t\t\t\t\t\t\t\t\t\t\t\t\t\t\t<\/div>\n\t\t\t\t<\/div>\n\t\t\t\t\t<\/div>\n\t\t<\/div>\n\t\t\t\t\t<\/div>\n\t\t<\/section>\n\t\t\t\t<section class=\"elementor-section elementor-top-section elementor-element elementor-element-71871cb elementor-reverse-mobile elementor-section-boxed elementor-section-height-default elementor-section-height-default\" data-id=\"71871cb\" data-element_type=\"section\" data-e-type=\"section\">\n\t\t\t\t\t\t<div class=\"elementor-container elementor-column-gap-default\">\n\t\t\t\t\t<div class=\"elementor-column elementor-col-50 elementor-top-column elementor-element elementor-element-91e6de7\" data-id=\"91e6de7\" data-element_type=\"column\" data-e-type=\"column\">\n\t\t\t<div class=\"elementor-widget-wrap elementor-element-populated\">\n\t\t\t\t\t\t<div class=\"elementor-element elementor-element-b43fc89 elementor-widget elementor-widget-image\" data-id=\"b43fc89\" data-element_type=\"widget\" data-e-type=\"widget\" data-widget_type=\"image.default\">\n\t\t\t\t<div class=\"elementor-widget-container\">\n\t\t\t\t\t\t\t\t\t\t\t\t\t\t\t<img decoding=\"async\" src=\"https:\/\/porttimet.pl\/wp-content\/uploads\/elementor\/thumbs\/ogrodzenia_klasyczne-rg4x8sgqwf14yhmavfrwxtmuyhw0ggg1ea0sdqrhmo.jpeg\" title=\"ogrodzenia_klasyczne\" alt=\"ogrodzenia_klasyczne\" loading=\"lazy\" \/>\t\t\t\t\t\t\t\t\t\t\t\t\t\t\t<\/div>\n\t\t\t\t<\/div>\n\t\t\t\t\t<\/div>\n\t\t<\/div>\n\t\t\t\t<div class=\"elementor-column elementor-col-50 elementor-top-column elementor-element elementor-element-4c93804\" data-id=\"4c93804\" data-element_type=\"column\" data-e-type=\"column\">\n\t\t\t<div class=\"elementor-widget-wrap elementor-element-populated\">\n\t\t\t\t\t\t<div class=\"elementor-element elementor-element-f8ae509 elementor-widget elementor-widget-heading\" data-id=\"f8ae509\" data-element_type=\"widget\" data-e-type=\"widget\" data-widget_type=\"heading.default\">\n\t\t\t\t<div class=\"elementor-widget-container\">\n\t\t\t\t\t<h2 class=\"elementor-heading-title elementor-size-default\">Bramy dwuskrzyd\u0142owe<\/h2>\t\t\t\t<\/div>\n\t\t\t\t<\/div>\n\t\t\t\t<div class=\"elementor-element elementor-element-dafca47 elementor-widget elementor-widget-text-editor\" data-id=\"dafca47\" data-element_type=\"widget\" data-e-type=\"widget\" data-widget_type=\"text-editor.default\">\n\t\t\t\t<div class=\"elementor-widget-container\">\n\t\t\t\t\t\t\t\t\t<p>Bramy dwuskrzyd\u0142owe wyr\u00f3\u017cniaj\u0105 si\u0119 solidn\u0105 konstrukcj\u0105, kt\u00f3ra jest montowana za pomoc\u0105 p\u0142yt monta\u017cowych do s\u0142up\u00f3w stalowych lub murowanych. Skrzyd\u0142a bramy poruszaj\u0105 si\u0119 na zawiasach znajduj\u0105cych si\u0119 w osi bramy.<\/p><p>W zale\u017cno\u015bci od wykonania i rodzaju bramy rozr\u00f3\u017cniamy profile stalowe lub pr\u0119ty. Skrzyd\u0142a s\u0105 podzielone symetrycznie.<\/p>\t\t\t\t\t\t\t\t<\/div>\n\t\t\t\t<\/div>\n\t\t\t\t\t<\/div>\n\t\t<\/div>\n\t\t\t\t\t<\/div>\n\t\t<\/section>\n\t\t\t\t<section class=\"elementor-section elementor-top-section elementor-element elementor-element-665c8a9 elementor-section-boxed elementor-section-height-default elementor-section-height-default\" data-id=\"665c8a9\" data-element_type=\"section\" data-e-type=\"section\" data-settings=\"{&quot;background_background&quot;:&quot;classic&quot;}\">\n\t\t\t\t\t\t\t<div class=\"elementor-background-overlay\"><\/div>\n\t\t\t\t\t\t\t<div class=\"elementor-container elementor-column-gap-default\">\n\t\t\t\t\t<div class=\"elementor-column elementor-col-50 elementor-top-column elementor-element elementor-element-4dabdf7\" data-id=\"4dabdf7\" data-element_type=\"column\" data-e-type=\"column\">\n\t\t\t<div class=\"elementor-widget-wrap elementor-element-populated\">\n\t\t\t\t\t\t<div class=\"elementor-element elementor-element-b113984 elementor-widget elementor-widget-heading\" data-id=\"b113984\" data-element_type=\"widget\" data-e-type=\"widget\" data-widget_type=\"heading.default\">\n\t\t\t\t<div class=\"elementor-widget-container\">\n\t\t\t\t\t<h2 class=\"elementor-heading-title elementor-size-default\">Nap\u0119dy do bram przesuwnych i dwuskrzyd\u0142owych<\/h2>\t\t\t\t<\/div>\n\t\t\t\t<\/div>\n\t\t\t\t\t<\/div>\n\t\t<\/div>\n\t\t\t\t<div class=\"elementor-column elementor-col-50 elementor-top-column elementor-element elementor-element-c499342\" data-id=\"c499342\" data-element_type=\"column\" data-e-type=\"column\">\n\t\t\t<div class=\"elementor-widget-wrap elementor-element-populated\">\n\t\t\t\t\t\t<div class=\"elementor-element elementor-element-67ec204 elementor-widget elementor-widget-text-editor\" data-id=\"67ec204\" data-element_type=\"widget\" data-e-type=\"widget\" data-widget_type=\"text-editor.default\">\n\t\t\t\t<div class=\"elementor-widget-container\">\n\t\t\t\t\t\t\t\t\t<p class=\"translation-block\">Oferujemy dob\u00f3r i instalacj\u0119 automatycznych system\u00f3w sterowania do bram dwuskrzyd\u0142owych i przesuwnych. Nasza oferta obejmuje systemy nap\u0119dowe wiod\u0105cych producent\u00f3w takich jak: <strong>NICE, CAME, SOMFY<\/strong>. Oferujemy bezpieczne i niezawodne rozwi\u0105zania.<\/p>\t\t\t\t\t\t\t\t<\/div>\n\t\t\t\t<\/div>\n\t\t\t\t\t<\/div>\n\t\t<\/div>\n\t\t\t\t\t<\/div>\n\t\t<\/section>\n\t\t\t\t<section class=\"elementor-section elementor-top-section elementor-element elementor-element-4bb32152 elementor-section-boxed elementor-section-height-default elementor-section-height-default\" data-id=\"4bb32152\" data-element_type=\"section\" data-e-type=\"section\" data-settings=\"{&quot;background_background&quot;:&quot;classic&quot;}\">\n\t\t\t\t\t\t\t<div class=\"elementor-background-overlay\"><\/div>\n\t\t\t\t\t\t\t<div class=\"elementor-container elementor-column-gap-no\">\n\t\t\t\t\t<div class=\"elementor-column elementor-col-50 elementor-top-column elementor-element elementor-element-4d8e23d5\" data-id=\"4d8e23d5\" data-element_type=\"column\" data-e-type=\"column\">\n\t\t\t<div class=\"elementor-widget-wrap elementor-element-populated\">\n\t\t\t\t\t\t<div class=\"elementor-element elementor-element-6c64260c elementor-widget elementor-widget-heading\" data-id=\"6c64260c\" data-element_type=\"widget\" data-e-type=\"widget\" data-widget_type=\"heading.default\">\n\t\t\t\t<div class=\"elementor-widget-container\">\n\t\t\t\t\t<h2 class=\"elementor-heading-title elementor-size-default\">Galeria naszych wyrob\u00f3w<\/h2>\t\t\t\t<\/div>\n\t\t\t\t<\/div>\n\t\t\t\t<div class=\"elementor-element elementor-element-260e3ef7 elementor-widget elementor-widget-text-editor\" data-id=\"260e3ef7\" data-element_type=\"widget\" data-e-type=\"widget\" data-widget_type=\"text-editor.default\">\n\t\t\t\t<div class=\"elementor-widget-container\">\n\t\t\t\t\t\t\t\t\t<p>Zrealizowali\u015bmy wiele projekt\u00f3w. Zobacz nasz\u0105 galeri\u0119.<\/p>\t\t\t\t\t\t\t\t<\/div>\n\t\t\t\t<\/div>\n\t\t\t\t\t<\/div>\n\t\t<\/div>\n\t\t\t\t<div class=\"elementor-column elementor-col-50 elementor-top-column elementor-element elementor-element-3074442c\" data-id=\"3074442c\" data-element_type=\"column\" data-e-type=\"column\">\n\t\t\t<div class=\"elementor-widget-wrap elementor-element-populated\">\n\t\t\t\t\t\t<div class=\"elementor-element elementor-element-7648c93d elementor-align-center elementor-mobile-align-left elementor-widget elementor-widget-button\" data-id=\"7648c93d\" data-element_type=\"widget\" data-e-type=\"widget\" data-widget_type=\"button.default\">\n\t\t\t\t<div class=\"elementor-widget-container\">\n\t\t\t\t\t\t\t\t\t<div class=\"elementor-button-wrapper\">\n\t\t\t\t\t<a class=\"elementor-button elementor-button-link elementor-size-lg\" href=\"https:\/\/porttimet.pl\/pl\/de\/galerie\/\">\n\t\t\t\t\t\t<span class=\"elementor-button-content-wrapper\">\n\t\t\t\t\t\t\t\t\t<span class=\"elementor-button-text\">Sprawd\u017a<\/span>\n\t\t\t\t\t<\/span>\n\t\t\t\t\t<\/a>\n\t\t\t\t<\/div>\n\t\t\t\t\t\t\t\t<\/div>\n\t\t\t\t<\/div>\n\t\t\t\t\t<\/div>\n\t\t<\/div>\n\t\t\t\t\t<\/div>\n\t\t<\/section>\n\t\t\t\t<\/div>","protected":false},"excerpt":{"rendered":"<p>Schiebetore Schiebetore werden zunehmend auf Privatgrundst\u00fccken eingesetzt. Sie sind eine praktischere L\u00f6sung als Zweifl\u00fcgeltore, unter anderem blockieren sie den Raum auf der Einfahrt nicht. Ein wichtiges Element bei der Auswahl von Schiebetoren ist der gro\u00dfe Platz, zumindest in der Breite des Schiebefl\u00fcgels. Grundlage der Schiebetorkonstruktion ist die Unterschiene, auf der die F\u00fchrungsrollen gleiten. An beiden [&hellip;]<\/p>","protected":false},"author":1,"featured_media":0,"parent":0,"menu_order":0,"comment_status":"closed","ping_status":"closed","template":"","meta":{"footnotes":""},"class_list":["post-1527","page","type-page","status-publish","hentry"],"yoast_head":"<!-- This site is optimized with the Yoast SEO plugin v25.9 - https:\/\/yoast.com\/wordpress\/plugins\/seo\/ -->\n<title>Tore und Pforten - Polnische Metallz\u00e4une - Porttimet<\/title>\n<meta name=\"description\" content=\"Wir bieten die Auswahl und Installation von automatischen Steuerungssystemen f\u00fcr Zweifl\u00fcgel- und Schiebetore. Sehen Sie sich unser Angebot an.\" \/>\n<meta name=\"robots\" content=\"index, follow, max-snippet:-1, max-image-preview:large, max-video-preview:-1\" \/>\n<link rel=\"canonical\" href=\"https:\/\/porttimet.pl\/pl\/tore-und-pforten\/\" \/>\n<meta property=\"og:locale\" content=\"pl_PL\" \/>\n<meta property=\"og:type\" content=\"article\" \/>\n<meta property=\"og:title\" content=\"Tore und Pforten - Polnische Metallz\u00e4une - Porttimet\" \/>\n<meta property=\"og:description\" content=\"Wir bieten die Auswahl und Installation von automatischen Steuerungssystemen f\u00fcr Zweifl\u00fcgel- und Schiebetore. Sehen Sie sich unser Angebot an.\" \/>\n<meta property=\"og:url\" content=\"https:\/\/porttimet.pl\/pl\/tore-und-pforten\/\" \/>\n<meta property=\"og:site_name\" content=\"Porttimet\" \/>\n<meta property=\"article:publisher\" content=\"https:\/\/pl-pl.facebook.com\/porttimet\/\" \/>\n<meta property=\"article:modified_time\" content=\"2025-09-21T18:57:49+00:00\" \/>\n<meta property=\"og:image\" content=\"https:\/\/porttimet.pl\/wp-content\/uploads\/elementor\/thumbs\/OB.02-pfpfydcv7xq8a1b3tc0dthywc3y8wsucju1hiua8lc.jpg\" \/>\n<meta name=\"twitter:card\" content=\"summary_large_image\" \/>\n<meta name=\"twitter:label1\" content=\"Szacowany czas czytania\" \/>\n\t<meta name=\"twitter:data1\" content=\"2 minuty\" \/>\n<script type=\"application\/ld+json\" class=\"yoast-schema-graph\">{\"@context\":\"https:\/\/schema.org\",\"@graph\":[{\"@type\":\"WebPage\",\"@id\":\"https:\/\/porttimet.pl\/tore-und-pforten\/\",\"url\":\"https:\/\/porttimet.pl\/tore-und-pforten\/\",\"name\":\"Tore und Pforten - Polnische Metallz\u00e4une - Porttimet\",\"isPartOf\":{\"@id\":\"https:\/\/porttimet.pl\/#website\"},\"primaryImageOfPage\":{\"@id\":\"https:\/\/porttimet.pl\/tore-und-pforten\/#primaryimage\"},\"image\":{\"@id\":\"https:\/\/porttimet.pl\/tore-und-pforten\/#primaryimage\"},\"thumbnailUrl\":\"https:\/\/porttimet.pl\/wp-content\/uploads\/elementor\/thumbs\/OB.02-pfpfydcv7xq8a1b3tc0dthywc3y8wsucju1hiua8lc.jpg\",\"datePublished\":\"2021-11-04T20:36:05+00:00\",\"dateModified\":\"2025-09-21T18:57:49+00:00\",\"description\":\"Wir bieten die Auswahl und Installation von automatischen Steuerungssystemen f\u00fcr Zweifl\u00fcgel- und Schiebetore. Sehen Sie sich unser Angebot an.\",\"breadcrumb\":{\"@id\":\"https:\/\/porttimet.pl\/tore-und-pforten\/#breadcrumb\"},\"inLanguage\":\"pl-PL\",\"potentialAction\":[{\"@type\":\"ReadAction\",\"target\":[\"https:\/\/porttimet.pl\/tore-und-pforten\/\"]}]},{\"@type\":\"ImageObject\",\"inLanguage\":\"pl-PL\",\"@id\":\"https:\/\/porttimet.pl\/tore-und-pforten\/#primaryimage\",\"url\":\"https:\/\/porttimet.pl\/wp-content\/uploads\/elementor\/thumbs\/OB.02-pfpfydcv7xq8a1b3tc0dthywc3y8wsucju1hiua8lc.jpg\",\"contentUrl\":\"https:\/\/porttimet.pl\/wp-content\/uploads\/elementor\/thumbs\/OB.02-pfpfydcv7xq8a1b3tc0dthywc3y8wsucju1hiua8lc.jpg\"},{\"@type\":\"BreadcrumbList\",\"@id\":\"https:\/\/porttimet.pl\/tore-und-pforten\/#breadcrumb\",\"itemListElement\":[{\"@type\":\"ListItem\",\"position\":1,\"name\":\"Homepage\",\"item\":\"https:\/\/porttimet.pl\/\"},{\"@type\":\"ListItem\",\"position\":2,\"name\":\"Tore und Pforten\"}]},{\"@type\":\"WebSite\",\"@id\":\"https:\/\/porttimet.pl\/#website\",\"url\":\"https:\/\/porttimet.pl\/\",\"name\":\"Porttimet\",\"description\":\"Kolejna witryna oparta na WordPressie\",\"publisher\":{\"@id\":\"https:\/\/porttimet.pl\/#organization\"},\"potentialAction\":[{\"@type\":\"SearchAction\",\"target\":{\"@type\":\"EntryPoint\",\"urlTemplate\":\"https:\/\/porttimet.pl\/?s={search_term_string}\"},\"query-input\":{\"@type\":\"PropertyValueSpecification\",\"valueRequired\":true,\"valueName\":\"search_term_string\"}}],\"inLanguage\":\"pl-PL\"},{\"@type\":\"Organization\",\"@id\":\"https:\/\/porttimet.pl\/#organization\",\"name\":\"Porttimet.de - Polnische Metallz\u00e4une\",\"url\":\"https:\/\/porttimet.pl\/\",\"logo\":{\"@type\":\"ImageObject\",\"inLanguage\":\"pl-PL\",\"@id\":\"https:\/\/porttimet.pl\/#\/schema\/logo\/image\/\",\"url\":\"https:\/\/porttimet.de\/wp-content\/uploads\/2021\/11\/logo_porttimet.jpg\",\"contentUrl\":\"https:\/\/porttimet.de\/wp-content\/uploads\/2021\/11\/logo_porttimet.jpg\",\"width\":300,\"height\":91,\"caption\":\"Porttimet.de - Polnische Metallz\u00e4une\"},\"image\":{\"@id\":\"https:\/\/porttimet.pl\/#\/schema\/logo\/image\/\"},\"sameAs\":[\"https:\/\/pl-pl.facebook.com\/porttimet\/\"]}]}<\/script>\n<!-- \/ Yoast SEO plugin. -->","yoast_head_json":{"title":"Tore und Pforten - Polnische Metallz\u00e4une - Porttimet","description":"Wir bieten die Auswahl und Installation von automatischen Steuerungssystemen f\u00fcr Zweifl\u00fcgel- und Schiebetore. Sehen Sie sich unser Angebot an.","robots":{"index":"index","follow":"follow","max-snippet":"max-snippet:-1","max-image-preview":"max-image-preview:large","max-video-preview":"max-video-preview:-1"},"canonical":"https:\/\/porttimet.pl\/pl\/tore-und-pforten\/","og_locale":"pl_PL","og_type":"article","og_title":"Tore und Pforten - Polnische Metallz\u00e4une - Porttimet","og_description":"Wir bieten die Auswahl und Installation von automatischen Steuerungssystemen f\u00fcr Zweifl\u00fcgel- und Schiebetore. Sehen Sie sich unser Angebot an.","og_url":"https:\/\/porttimet.pl\/pl\/tore-und-pforten\/","og_site_name":"Porttimet","article_publisher":"https:\/\/pl-pl.facebook.com\/porttimet\/","article_modified_time":"2025-09-21T18:57:49+00:00","og_image":[{"url":"https:\/\/porttimet.pl\/wp-content\/uploads\/elementor\/thumbs\/OB.02-pfpfydcv7xq8a1b3tc0dthywc3y8wsucju1hiua8lc.jpg","type":"","width":"","height":""}],"twitter_card":"summary_large_image","twitter_misc":{"Szacowany czas czytania":"2 minuty"},"schema":{"@context":"https:\/\/schema.org","@graph":[{"@type":"WebPage","@id":"https:\/\/porttimet.pl\/tore-und-pforten\/","url":"https:\/\/porttimet.pl\/tore-und-pforten\/","name":"Tore und Pforten - Polnische Metallz\u00e4une - Porttimet","isPartOf":{"@id":"https:\/\/porttimet.pl\/#website"},"primaryImageOfPage":{"@id":"https:\/\/porttimet.pl\/tore-und-pforten\/#primaryimage"},"image":{"@id":"https:\/\/porttimet.pl\/tore-und-pforten\/#primaryimage"},"thumbnailUrl":"https:\/\/porttimet.pl\/wp-content\/uploads\/elementor\/thumbs\/OB.02-pfpfydcv7xq8a1b3tc0dthywc3y8wsucju1hiua8lc.jpg","datePublished":"2021-11-04T20:36:05+00:00","dateModified":"2025-09-21T18:57:49+00:00","description":"Wir bieten die Auswahl und Installation von automatischen Steuerungssystemen f\u00fcr Zweifl\u00fcgel- und Schiebetore. Sehen Sie sich unser Angebot an.","breadcrumb":{"@id":"https:\/\/porttimet.pl\/tore-und-pforten\/#breadcrumb"},"inLanguage":"pl-PL","potentialAction":[{"@type":"ReadAction","target":["https:\/\/porttimet.pl\/tore-und-pforten\/"]}]},{"@type":"ImageObject","inLanguage":"pl-PL","@id":"https:\/\/porttimet.pl\/tore-und-pforten\/#primaryimage","url":"https:\/\/porttimet.pl\/wp-content\/uploads\/elementor\/thumbs\/OB.02-pfpfydcv7xq8a1b3tc0dthywc3y8wsucju1hiua8lc.jpg","contentUrl":"https:\/\/porttimet.pl\/wp-content\/uploads\/elementor\/thumbs\/OB.02-pfpfydcv7xq8a1b3tc0dthywc3y8wsucju1hiua8lc.jpg"},{"@type":"BreadcrumbList","@id":"https:\/\/porttimet.pl\/tore-und-pforten\/#breadcrumb","itemListElement":[{"@type":"ListItem","position":1,"name":"Homepage","item":"https:\/\/porttimet.pl\/"},{"@type":"ListItem","position":2,"name":"Tore und Pforten"}]},{"@type":"WebSite","@id":"https:\/\/porttimet.pl\/#website","url":"https:\/\/porttimet.pl\/","name":"Porttimet","description":"Kolejna witryna oparta na WordPressie","publisher":{"@id":"https:\/\/porttimet.pl\/#organization"},"potentialAction":[{"@type":"SearchAction","target":{"@type":"EntryPoint","urlTemplate":"https:\/\/porttimet.pl\/?s={search_term_string}"},"query-input":{"@type":"PropertyValueSpecification","valueRequired":true,"valueName":"search_term_string"}}],"inLanguage":"pl-PL"},{"@type":"Organization","@id":"https:\/\/porttimet.pl\/#organization","name":"Porttimet.de - Polnische Metallz\u00e4une","url":"https:\/\/porttimet.pl\/","logo":{"@type":"ImageObject","inLanguage":"pl-PL","@id":"https:\/\/porttimet.pl\/#\/schema\/logo\/image\/","url":"https:\/\/porttimet.de\/wp-content\/uploads\/2021\/11\/logo_porttimet.jpg","contentUrl":"https:\/\/porttimet.de\/wp-content\/uploads\/2021\/11\/logo_porttimet.jpg","width":300,"height":91,"caption":"Porttimet.de - Polnische Metallz\u00e4une"},"image":{"@id":"https:\/\/porttimet.pl\/#\/schema\/logo\/image\/"},"sameAs":["https:\/\/pl-pl.facebook.com\/porttimet\/"]}]}},"_links":{"self":[{"href":"https:\/\/porttimet.pl\/pl\/wp-json\/wp\/v2\/pages\/1527","targetHints":{"allow":["GET"]}}],"collection":[{"href":"https:\/\/porttimet.pl\/pl\/wp-json\/wp\/v2\/pages"}],"about":[{"href":"https:\/\/porttimet.pl\/pl\/wp-json\/wp\/v2\/types\/page"}],"author":[{"embeddable":true,"href":"https:\/\/porttimet.pl\/pl\/wp-json\/wp\/v2\/users\/1"}],"replies":[{"embeddable":true,"href":"https:\/\/porttimet.pl\/pl\/wp-json\/wp\/v2\/comments?post=1527"}],"version-history":[{"count":3,"href":"https:\/\/porttimet.pl\/pl\/wp-json\/wp\/v2\/pages\/1527\/revisions"}],"predecessor-version":[{"id":2570,"href":"https:\/\/porttimet.pl\/pl\/wp-json\/wp\/v2\/pages\/1527\/revisions\/2570"}],"wp:attachment":[{"href":"https:\/\/porttimet.pl\/pl\/wp-json\/wp\/v2\/media?parent=1527"}],"curies":[{"name":"wp","href":"https:\/\/api.w.org\/{rel}","templated":true}]}}